{"id":16,"date":"2013-08-06T16:55:51","date_gmt":"2013-08-06T14:55:51","guid":{"rendered":"http:\/\/neu.ima-buscher.de\/?page_id=16"},"modified":"2016-06-28T12:51:02","modified_gmt":"2016-06-28T10:51:02","slug":"presse","status":"publish","type":"page","link":"https:\/\/www.ima-buscher.de\/en\/presse","title":{"rendered":"IMA Buscher in the media"},"content":{"rendered":"<p><span class=\"\"><strong>K-Zeitung vom 26.06.2015:<\/strong><br \/>\nF\u00fcr einige spr\u00f6de Polyamid-Teile ist eine genaue prozentuale Wasseraufnahme gew\u00fcnscht. Mit automatisierten Anlagen direkt an der Spritzgie\u00dfzelle verspricht IMA Buscher unabh\u00e4ngig von der Witterung kurze Konditionierzeiten.<br \/>\n<strong><a href=\"http:\/\/www.k-zeitung.de\/polyamidteile-automatisch-konditioniert\/150\/1086\/88414\/\" target=\"_blank\">&gt;&gt;&gt; read more<\/a><\/strong><br \/>\n<\/span><\/p>\n<hr \/>\n<p><span class=\"\"><strong>Plasticker vom 08.04.2015:<\/strong><br \/>\nDie IMA Buscher GmbH aus Lambsheim fertigt Konditionieranlagen f\u00fcr Polyamide, in denen aus Polyamid hergestellte Produkte mit Wasser befeuchtet werden, wodurch der gew\u00fcnschte bzw. notwendige Wassergehalt der zu konditionierenden Polyamidprodukte eingestellt werden kann. Durch diese Ma\u00dfnahme k\u00f6nnen genau definierte Eigenschaften der Polyamidprodukte eingestellt werden, die beispielsweise eine nachfolgende Montage erfordert.<br \/>\n<strong><a href=\"http:\/\/plasticker.de\/Kunststoff_News_24630_IMA_Buscher_Low_Cost_Konditionierkammer_fuer_Polyamidprodukte\" target=\"_blank\">&gt;&gt;&gt; read more<\/a><\/strong><br \/>\n<\/span><\/p>\n<hr \/>\n<p>[hana-flv-player video=&#8221;http:\/\/ima-buscher.de\/images\/website\/dokumente\/presse.flv&#8221; width=&#8221;400&#8243; height=&#8221;auto&#8221; description=&#8221;&#8221; player=&#8221;2&#8243; autoload=&#8221;true&#8221; autoplay=&#8221;false&#8221; loop=&#8221;false&#8221; autorewind=&#8221;true&#8221; \/]<\/p>\n<div id=\"attachment_50\" style=\"width: 310px\" class=\"wp-caption alignleft\"><a href=\"http:\/\/www.ima-buscher.de\/wp-content\/uploads\/2013\/08\/vino-lok.jpg\" rel=\"lightbox[16]\"><img loading=\"lazy\" decoding=\"async\" aria-describedby=\"caption-attachment-50\" class=\"size-medium wp-image-50\" src=\"http:\/\/www.ima-buscher.de\/wp-content\/uploads\/2013\/08\/vino-lok-300x217.jpg\" alt=\"(Anm.: In der \u00dcberschrift ist von 300 Flaschen die Rede. Richtig sind 3000 Flaschen pro Stunde.\" width=\"300\" height=\"217\" srcset=\"https:\/\/www.ima-buscher.de\/wp-content\/uploads\/2013\/08\/vino-lok-300x217.jpg 300w, https:\/\/www.ima-buscher.de\/wp-content\/uploads\/2013\/08\/vino-lok-1024x741.jpg 1024w, https:\/\/www.ima-buscher.de\/wp-content\/uploads\/2013\/08\/vino-lok.jpg 1200w\" sizes=\"auto, (max-width: 300px) 100vw, 300px\" \/><\/a><p id=\"caption-attachment-50\" class=\"wp-caption-text\">(Anm.: In der \u00dcberschrift ist von 300<br \/>Flaschen die Rede. Richtig sind<br \/>3000 Flaschen pro Stunde.<\/p><\/div>\n<p><a href=\"http:\/\/www.ima-buscher.de\/wp-content\/uploads\/2013\/08\/idee.jpg\" rel=\"lightbox[16]\"><img loading=\"lazy\" decoding=\"async\" class=\"alignleft size-medium wp-image-48\" src=\"http:\/\/www.ima-buscher.de\/wp-content\/uploads\/2013\/08\/idee-300x169.jpg\" alt=\"idee\" width=\"300\" height=\"169\" srcset=\"https:\/\/www.ima-buscher.de\/wp-content\/uploads\/2013\/08\/idee-300x169.jpg 300w, https:\/\/www.ima-buscher.de\/wp-content\/uploads\/2013\/08\/idee-136x77.jpg 136w, https:\/\/www.ima-buscher.de\/wp-content\/uploads\/2013\/08\/idee.jpg 985w\" sizes=\"auto, (max-width: 300px) 100vw, 300px\" \/><\/a><\/p>\n<div style=\"clear: both;\"><img loading=\"lazy\" decoding=\"async\" class=\"size-full wp-image-49 alignnone\" src=\"http:\/\/www.ima-buscher.de\/wp-content\/uploads\/2013\/08\/oelpest.jpg\" alt=\"oelpest\" width=\"287\" height=\"502\" srcset=\"https:\/\/www.ima-buscher.de\/wp-content\/uploads\/2013\/08\/oelpest.jpg 287w, https:\/\/www.ima-buscher.de\/wp-content\/uploads\/2013\/08\/oelpest-171x300.jpg 171w\" sizes=\"auto, (max-width: 287px) 100vw, 287px\" \/><\/div>\n<p><\/p>","protected":false},"excerpt":{"rendered":"<p>K-Zeitung vom 26.06.2015: F\u00fcr einige spr\u00f6de Polyamid-Teile ist eine genaue prozentuale Wasseraufnahme gew\u00fcnscht. Mit automatisierten Anlagen direkt an der Spritzgie\u00dfzelle verspricht IMA Buscher unabh\u00e4ngig von der Witterung kurze Konditionierzeiten. &gt;&gt;&gt; read more Plasticker vom 08.04.2015: Die IMA Buscher GmbH aus Lambsheim fertigt Konditionieranlagen f\u00fcr Polyamide, in denen aus Polyamid hergestellte Produkte mit Wasser befeuchtet werden, [&hellip;]<\/p>\n","protected":false},"author":1,"featured_media":0,"parent":0,"menu_order":0,"comment_status":"open","ping_status":"open","template":"","meta":{"footnotes":""},"class_list":["post-16","page","type-page","status-publish","hentry"],"yoast_head":"<!-- This site is optimized with the Yoast SEO plugin v25.3.1 - https:\/\/yoast.com\/wordpress\/plugins\/seo\/ -->\n<title>IMA Buscher in the media<\/title>\n<meta name=\"robots\" content=\"index, follow, max-snippet:-1, max-image-preview:large, max-video-preview:-1\" \/>\n<link rel=\"canonical\" href=\"https:\/\/www.ima-buscher.de\/presse\" \/>\n<meta property=\"og:locale\" content=\"en_US\" \/>\n<meta property=\"og:type\" content=\"article\" \/>\n<meta property=\"og:title\" content=\"IMA Buscher in the media\" \/>\n<meta property=\"og:description\" content=\"K-Zeitung vom 26.06.2015: F\u00fcr einige spr\u00f6de Polyamid-Teile ist eine genaue prozentuale Wasseraufnahme gew\u00fcnscht. Mit automatisierten Anlagen direkt an der Spritzgie\u00dfzelle verspricht IMA Buscher unabh\u00e4ngig von der Witterung kurze Konditionierzeiten. &gt;&gt;&gt; read more Plasticker vom 08.04.2015: Die IMA Buscher GmbH aus Lambsheim fertigt Konditionieranlagen f\u00fcr Polyamide, in denen aus Polyamid hergestellte Produkte mit Wasser befeuchtet werden, [&hellip;]\" \/>\n<meta property=\"og:url\" content=\"https:\/\/www.ima-buscher.de\/presse\" \/>\n<meta property=\"og:site_name\" content=\"IMA Buscher - Maschinenbau und Anlagenbau.\" \/>\n<meta property=\"article:modified_time\" content=\"2016-06-28T10:51:02+00:00\" \/>\n<meta property=\"og:image\" content=\"https:\/\/www.ima-buscher.de\/wp-content\/uploads\/2013\/08\/vino-lok.jpg\" \/>\n\t<meta property=\"og:image:width\" content=\"1200\" \/>\n\t<meta property=\"og:image:height\" content=\"869\" \/>\n\t<meta property=\"og:image:type\" content=\"image\/jpeg\" \/>\n<meta name=\"twitter:label1\" content=\"Est. reading time\" \/>\n\t<meta name=\"twitter:data1\" content=\"1 minute\" \/>\n<script type=\"application\/ld+json\" class=\"yoast-schema-graph\">{\"@context\":\"https:\/\/schema.org\",\"@graph\":[{\"@type\":\"WebPage\",\"@id\":\"https:\/\/www.ima-buscher.de\/presse\",\"url\":\"https:\/\/www.ima-buscher.de\/presse\",\"name\":\"IMA Buscher in the media\",\"isPartOf\":{\"@id\":\"https:\/\/www.ima-buscher.de\/en\/#website\"},\"primaryImageOfPage\":{\"@id\":\"https:\/\/www.ima-buscher.de\/presse#primaryimage\"},\"image\":{\"@id\":\"https:\/\/www.ima-buscher.de\/presse#primaryimage\"},\"thumbnailUrl\":\"http:\/\/www.ima-buscher.de\/wp-content\/uploads\/2013\/08\/vino-lok-300x217.jpg\",\"datePublished\":\"2013-08-06T14:55:51+00:00\",\"dateModified\":\"2016-06-28T10:51:02+00:00\",\"inLanguage\":\"en-US\",\"potentialAction\":[{\"@type\":\"ReadAction\",\"target\":[\"https:\/\/www.ima-buscher.de\/presse\"]}]},{\"@type\":\"ImageObject\",\"inLanguage\":\"en-US\",\"@id\":\"https:\/\/www.ima-buscher.de\/presse#primaryimage\",\"url\":\"http:\/\/www.ima-buscher.de\/wp-content\/uploads\/2013\/08\/vino-lok-300x217.jpg\",\"contentUrl\":\"http:\/\/www.ima-buscher.de\/wp-content\/uploads\/2013\/08\/vino-lok-300x217.jpg\"},{\"@type\":\"WebSite\",\"@id\":\"https:\/\/www.ima-buscher.de\/en\/#website\",\"url\":\"https:\/\/www.ima-buscher.de\/en\/\",\"name\":\"IMA Buscher - Maschinenbau und Anlagenbau.\",\"description\":\"Konditionieranlagen f\u00fcr Polyamide, Sondermaschinenbau, Automatisierung\",\"potentialAction\":[{\"@type\":\"SearchAction\",\"target\":{\"@type\":\"EntryPoint\",\"urlTemplate\":\"https:\/\/www.ima-buscher.de\/en\/?s={search_term_string}\"},\"query-input\":{\"@type\":\"PropertyValueSpecification\",\"valueRequired\":true,\"valueName\":\"search_term_string\"}}],\"inLanguage\":\"en-US\"}]}<\/script>\n<!-- \/ Yoast SEO plugin. -->","yoast_head_json":{"title":"IMA Buscher in the media","robots":{"index":"index","follow":"follow","max-snippet":"max-snippet:-1","max-image-preview":"max-image-preview:large","max-video-preview":"max-video-preview:-1"},"canonical":"https:\/\/www.ima-buscher.de\/presse","og_locale":"en_US","og_type":"article","og_title":"IMA Buscher in the media","og_description":"K-Zeitung vom 26.06.2015: F\u00fcr einige spr\u00f6de Polyamid-Teile ist eine genaue prozentuale Wasseraufnahme gew\u00fcnscht. Mit automatisierten Anlagen direkt an der Spritzgie\u00dfzelle verspricht IMA Buscher unabh\u00e4ngig von der Witterung kurze Konditionierzeiten. &gt;&gt;&gt; read more Plasticker vom 08.04.2015: Die IMA Buscher GmbH aus Lambsheim fertigt Konditionieranlagen f\u00fcr Polyamide, in denen aus Polyamid hergestellte Produkte mit Wasser befeuchtet werden, [&hellip;]","og_url":"https:\/\/www.ima-buscher.de\/presse","og_site_name":"IMA Buscher - Maschinenbau und Anlagenbau.","article_modified_time":"2016-06-28T10:51:02+00:00","og_image":[{"width":1200,"height":869,"url":"https:\/\/www.ima-buscher.de\/wp-content\/uploads\/2013\/08\/vino-lok.jpg","type":"image\/jpeg"}],"twitter_misc":{"Est. reading time":"1 minute"},"schema":{"@context":"https:\/\/schema.org","@graph":[{"@type":"WebPage","@id":"https:\/\/www.ima-buscher.de\/presse","url":"https:\/\/www.ima-buscher.de\/presse","name":"IMA Buscher in the media","isPartOf":{"@id":"https:\/\/www.ima-buscher.de\/en\/#website"},"primaryImageOfPage":{"@id":"https:\/\/www.ima-buscher.de\/presse#primaryimage"},"image":{"@id":"https:\/\/www.ima-buscher.de\/presse#primaryimage"},"thumbnailUrl":"http:\/\/www.ima-buscher.de\/wp-content\/uploads\/2013\/08\/vino-lok-300x217.jpg","datePublished":"2013-08-06T14:55:51+00:00","dateModified":"2016-06-28T10:51:02+00:00","inLanguage":"en-US","potentialAction":[{"@type":"ReadAction","target":["https:\/\/www.ima-buscher.de\/presse"]}]},{"@type":"ImageObject","inLanguage":"en-US","@id":"https:\/\/www.ima-buscher.de\/presse#primaryimage","url":"http:\/\/www.ima-buscher.de\/wp-content\/uploads\/2013\/08\/vino-lok-300x217.jpg","contentUrl":"http:\/\/www.ima-buscher.de\/wp-content\/uploads\/2013\/08\/vino-lok-300x217.jpg"},{"@type":"WebSite","@id":"https:\/\/www.ima-buscher.de\/en\/#website","url":"https:\/\/www.ima-buscher.de\/en\/","name":"IMA Buscher - Maschinenbau und Anlagenbau.","description":"Konditionieranlagen f\u00fcr Polyamide, Sondermaschinenbau, Automatisierung","potentialAction":[{"@type":"SearchAction","target":{"@type":"EntryPoint","urlTemplate":"https:\/\/www.ima-buscher.de\/en\/?s={search_term_string}"},"query-input":{"@type":"PropertyValueSpecification","valueRequired":true,"valueName":"search_term_string"}}],"inLanguage":"en-US"}]}},"_links":{"self":[{"href":"https:\/\/www.ima-buscher.de\/en\/wp-json\/wp\/v2\/pages\/16","targetHints":{"allow":["GET"]}}],"collection":[{"href":"https:\/\/www.ima-buscher.de\/en\/wp-json\/wp\/v2\/pages"}],"about":[{"href":"https:\/\/www.ima-buscher.de\/en\/wp-json\/wp\/v2\/types\/page"}],"author":[{"embeddable":true,"href":"https:\/\/www.ima-buscher.de\/en\/wp-json\/wp\/v2\/users\/1"}],"replies":[{"embeddable":true,"href":"https:\/\/www.ima-buscher.de\/en\/wp-json\/wp\/v2\/comments?post=16"}],"version-history":[{"count":13,"href":"https:\/\/www.ima-buscher.de\/en\/wp-json\/wp\/v2\/pages\/16\/revisions"}],"predecessor-version":[{"id":424,"href":"https:\/\/www.ima-buscher.de\/en\/wp-json\/wp\/v2\/pages\/16\/revisions\/424"}],"wp:attachment":[{"href":"https:\/\/www.ima-buscher.de\/en\/wp-json\/wp\/v2\/media?parent=16"}],"curies":[{"name":"wp","href":"https:\/\/api.w.org\/{rel}","templated":true}]}}